{"id":2001,"date":"2024-01-31T19:20:16","date_gmt":"2024-01-31T18:20:16","guid":{"rendered":"http:\/\/serwer253517.lh.pl\/autoinstalator\/serwer253517.lh.pl\/wordpress52952\/?page_id=2001"},"modified":"2024-01-31T19:21:38","modified_gmt":"2024-01-31T18:21:38","slug":"pliki-cookie","status":"publish","type":"page","link":"https:\/\/www.piekarnia-tysia.pl\/index.php\/pliki-cookie\/","title":{"rendered":"Pliki cookie"},"content":{"rendered":"\t\t<div data-elementor-type=\"wp-page\" data-elementor-id=\"2001\" class=\"elementor elementor-2001\">\n\t\t\t\t<div class=\"elementor-element elementor-element-e1fe719 e-flex e-con-boxed e-con e-parent\" data-id=\"e1fe719\" data-element_type=\"container\" data-settings=\"{&quot;_ha_eqh_enable&quot;:false}\" data-core-v316-plus=\"true\">\n\t\t\t\t\t<div class=\"e-con-inner\">\n\t\t\t\t<div class=\"elementor-element elementor-element-28b7f45 elementor-widget elementor-widget-spacer\" data-id=\"28b7f45\" data-element_type=\"widget\" data-widget_type=\"spacer.default\">\n\t\t\t\t<div class=\"elementor-widget-container\">\n\t\t\t<style>\/*! elementor - v3.20.0 - 11-03-2024 *\/\n.elementor-column .elementor-spacer-inner{height:var(--spacer-size)}.e-con{--container-widget-width:100%}.e-con-inner>.elementor-widget-spacer,.e-con>.elementor-widget-spacer{width:var(--container-widget-width,var(--spacer-size));--align-self:var(--container-widget-align-self,initial);--flex-shrink:0}.e-con-inner>.elementor-widget-spacer>.elementor-widget-container,.e-con>.elementor-widget-spacer>.elementor-widget-container{height:100%;width:100%}.e-con-inner>.elementor-widget-spacer>.elementor-widget-container>.elementor-spacer,.e-con>.elementor-widget-spacer>.elementor-widget-container>.elementor-spacer{height:100%}.e-con-inner>.elementor-widget-spacer>.elementor-widget-container>.elementor-spacer>.elementor-spacer-inner,.e-con>.elementor-widget-spacer>.elementor-widget-container>.elementor-spacer>.elementor-spacer-inner{height:var(--container-widget-height,var(--spacer-size))}.e-con-inner>.elementor-widget-spacer.elementor-widget-empty,.e-con>.elementor-widget-spacer.elementor-widget-empty{position:relative;min-height:22px;min-width:22px}.e-con-inner>.elementor-widget-spacer.elementor-widget-empty .elementor-widget-empty-icon,.e-con>.elementor-widget-spacer.elementor-widget-empty .elementor-widget-empty-icon{position:absolute;top:0;bottom:0;left:0;right:0;margin:auto;padding:0;width:22px;height:22px}<\/style>\t\t<div class=\"elementor-spacer\">\n\t\t\t<div class=\"elementor-spacer-inner\"><\/div>\n\t\t<\/div>\n\t\t\t\t<\/div>\n\t\t\t\t<\/div>\n\t\t\t\t<div class=\"elementor-element elementor-element-4f8df57 elementor-widget elementor-widget-text-editor\" data-id=\"4f8df57\" data-element_type=\"widget\" data-widget_type=\"text-editor.default\">\n\t\t\t\t<div class=\"elementor-widget-container\">\n\t\t\t<style>\/*! elementor - v3.20.0 - 11-03-2024 *\/\n.elementor-widget-text-editor.elementor-drop-cap-view-stacked .elementor-drop-cap{background-color:#69727d;color:#fff}.elementor-widget-text-editor.elementor-drop-cap-view-framed .elementor-drop-cap{color:#69727d;border:3px solid;background-color:transparent}.elementor-widget-text-editor:not(.elementor-drop-cap-view-default) .elementor-drop-cap{margin-top:8px}.elementor-widget-text-editor:not(.elementor-drop-cap-view-default) .elementor-drop-cap-letter{width:1em;height:1em}.elementor-widget-text-editor .elementor-drop-cap{float:left;text-align:center;line-height:1;font-size:50px}.elementor-widget-text-editor .elementor-drop-cap-letter{display:inline-block}<\/style>\t\t\t\t<h2><strong>Polityka cookies i innych podobnych technologii<\/strong><\/h2><p>1. W zwi\u0105zku z udost\u0119pnianiem zawarto\u015bci serwis\u00f3w internetowych http:\/\/www.piekarnia-tysia.pl (w dalszej cz\u0119\u015bci zwanego \u201eSerwisem\u201d) stosuje tzw. cookies, tj. informacje zapisywane przez serwery na urz\u0105dzeniu ko\u0144cowym u\u017cytkownika, kt\u00f3re serwery mog\u0105 odczyta\u0107 przy ka\u017cdorazowym po\u0142\u0105czeniu si\u0119 z tego urz\u0105dzenia ko\u0144cowego, mo\u017ce tak\u017ce u\u017cywa\u0107 innych technologii o funkcjach podobnych lub to\u017csamych z cookies. W niniejszym dokumencie, informacje dotycz\u0105ce cookies maj\u0105 zastosowanie r\u00f3wnie\u017c do innych podobnych technologii stosowanych w ramach naszych serwis\u00f3w internetowych. Pliki cookies (tzw. \u201eciasteczka\u201d) stanowi\u0105 dane informatyczne, w szczeg\u00f3lno\u015bci pliki tekstowe, kt\u00f3re przechowywane s\u0105 w urz\u0105dzeniu ko\u0144cowym u\u017cytkownika serwisu internetowego. Cookies zazwyczaj zawieraj\u0105 nazw\u0119 domeny serwisu internetowego, z kt\u00f3rego pochodz\u0105, czas przechowywania ich na urz\u0105dzeniu ko\u0144cowym oraz unikalny numer. 2. Pliki cookies wykorzystywane s\u0105 w celu:<br \/>a) dostosowania zawarto\u015bci stron serwis\u00f3w internetowych do preferencji u\u017cytkownika oraz optymalizacji korzystania ze stron internetowych; w szczeg\u00f3lno\u015bci pliki te pozwalaj\u0105 rozpozna\u0107 urz\u0105dzenie u\u017cytkownika serwisu internetowego i odpowiednio wy\u015bwietli\u0107 stron\u0119 internetow\u0105, dostosowan\u0105 do jego indywidualnych potrzeb,<br \/>b) tworzenia statystyk, kt\u00f3re pomagaj\u0105 zrozumie\u0107, w jaki spos\u00f3b u\u017cytkownicy serwisu korzystaj\u0105 ze stron internetowych, co umo\u017cliwia ulepszanie ich struktury i zawarto\u015bci,<br \/>c) utrzymania sesji u\u017cytkownika serwisu internetowego (po zalogowaniu), dzi\u0119ki kt\u00f3rej u\u017cytkownik nie musi na ka\u017cdej podstronie serwisu ponownie wpisywa\u0107 loginu i has\u0142a,<br \/>d) dostarczania u\u017cytkownikom tre\u015bci reklamowych bardziej dostosowanych do ich zainteresowa\u0144.<\/p><p>3. W ramach naszych serwis\u00f3w internetowych mo\u017cemy stosowa\u0107 nast\u0119puj\u0105ce rodzaje plik\u00f3w cookies:<br \/>a) \u201eniezb\u0119dne\u201d pliki cookies, umo\u017cliwiaj\u0105ce korzystanie z us\u0142ug dost\u0119pnych w ramach serwisu internetowego, np. uwierzytelniaj\u0105ce pliki cookies wykorzystywane do us\u0142ug wymagaj\u0105cych uwierzytelniania w ramach serwisu,<br \/>b) pliki cookies s\u0142u\u017c\u0105ce do zapewnienia bezpiecze\u0144stwa, np. wykorzystywane do wykrywania nadu\u017cy\u0107 w zakresie uwierzytelniania w ramach serwisu,<br \/>c) pliki cookies, umo\u017cliwiaj\u0105ce zbieranie informacji o sposobie korzystania ze stron internetowych serwisu,<br \/>d) \u201efunkcjonalne\u201d pliki cookies, umo\u017cliwiaj\u0105ce \u201ezapami\u0119tanie\u201d wybranych przez u\u017cytkownika ustawie\u0144 i personalizacj\u0119 interfejsu u\u017cytkownika, np. w zakresie wybranego j\u0119zyka lub regionu, z kt\u00f3rego pochodzi u\u017cytkownik, rozmiaru czcionki, wygl\u0105du strony internetowej itp.,<br \/>e) \u201ereklamowe\u201d pliki cookies, umo\u017cliwiaj\u0105ce dostarczanie u\u017cytkownikom tre\u015bci reklamowych bardziej dostosowanych do ich zainteresowa\u0144.<\/p><p>4. W wielu przypadkach oprogramowanie s\u0142u\u017c\u0105ce do przegl\u0105dania stron internetowych (przegl\u0105darka internetowa) domy\u015blnie dopuszcza przechowywanie plik\u00f3w cookies w urz\u0105dzeniu ko\u0144cowym u\u017cytkownika. U\u017cytkownicy serwisu mog\u0105 dokona\u0107 w ka\u017cdym czasie zmiany ustawie\u0144 dotycz\u0105cych plik\u00f3w cookies. Ustawienia te mog\u0105 zosta\u0107 zmienione w szczeg\u00f3lno\u015bci w taki spos\u00f3b, aby blokowa\u0107 automatyczn\u0105 obs\u0142ug\u0119 plik\u00f3w cookies w ustawieniach przegl\u0105darki internetowej b\u0105d\u017a informowa\u0107 o ich ka\u017cdorazowym zamieszczeniu w urz\u0105dzeniu u\u017cytkownika serwisu internetowego. Szczeg\u00f3\u0142owe informacje o mo\u017cliwo\u015bci i sposobach obs\u0142ugi plik\u00f3w cookies dost\u0119pne s\u0105 w ustawieniach oprogramowania (przegl\u0105darki internetowej). Niedokonanie zmiany ustawie\u0144 w zakresie cookies oznacza, \u017ce b\u0119d\u0105 one zamieszczone w urz\u0105dzeniu ko\u0144cowym u\u017cytkownika, a tym samym b\u0119dziemy przechowywa\u0107 informacje w urz\u0105dzeniu ko\u0144cowym u\u017cytkownika i uzyskiwa\u0107 dost\u0119p do tych informacji.<\/p><p>5. Wy\u0142\u0105czenie stosowania cookies mo\u017ce spowodowa\u0107 utrudnienia korzystanie z niekt\u00f3rych us\u0142ug w ramach naszych serwis\u00f3w internetowych, w szczeg\u00f3lno\u015bci wymagaj\u0105cych logowania. Wy\u0142\u0105czenie opcji przyjmowania cookies nie powoduje natomiast braku mo\u017cliwo\u015bci czytania lub ogl\u0105dania tre\u015bci zamieszczanych w serwisie internetowym jaki jest niniejszy Blog z zastrze\u017ceniem tych, do kt\u00f3rych dost\u0119p wymaga logowania.<\/p><p>6. Pliki cookies mog\u0105 by\u0107 zamieszczane w urz\u0105dzeniu ko\u0144cowym u\u017cytkownika serwisu internetowego, a nast\u0119pnie wykorzystywane przez wsp\u00f3\u0142pracuj\u0105cych z Blogiem reklamodawc\u00f3w, przez firmy badawcze oraz dostawc\u00f3w aplikacji multimedialnych.<\/p>\t\t\t\t\t\t<\/div>\n\t\t\t\t<\/div>\n\t\t\t\t\t<\/div>\n\t\t\t\t<\/div>\n\t\t\t\t<\/div>\n\t\t","protected":false},"excerpt":{"rendered":"<p>Polityka cookies i innych podobnych technologii 1. W zwi\u0105zku z udost\u0119pnianiem zawarto\u015bci serwis\u00f3w internetowych http:\/\/www.piekarnia-tysia.pl (w dalszej cz\u0119\u015bci zwanego \u201eSerwisem\u201d) stosuje tzw. cookies, tj. informacje zapisywane przez serwery na urz\u0105dzeniu ko\u0144cowym u\u017cytkownika, kt\u00f3re serwery mog\u0105 odczyta\u0107 przy ka\u017cdorazowym po\u0142\u0105czeniu si\u0119 z tego urz\u0105dzenia ko\u0144cowego, mo\u017ce tak\u017ce u\u017cywa\u0107 innych technologii o funkcjach podobnych lub to\u017csamych z [&hellip;]<\/p>\n","protected":false},"author":1,"featured_media":0,"parent":0,"menu_order":0,"comment_status":"closed","ping_status":"closed","template":"","meta":{"ocean_post_layout":"full-screen","ocean_both_sidebars_style":"","ocean_both_sidebars_content_width":0,"ocean_both_sidebars_sidebars_width":0,"ocean_sidebar":"","ocean_second_sidebar":"","ocean_disable_margins":"enable","ocean_add_body_class":"","ocean_shortcode_before_top_bar":"","ocean_shortcode_after_top_bar":"","ocean_shortcode_before_header":"","ocean_shortcode_after_header":"","ocean_has_shortcode":"","ocean_shortcode_after_title":"","ocean_shortcode_before_footer_widgets":"","ocean_shortcode_after_footer_widgets":"","ocean_shortcode_before_footer_bottom":"","ocean_shortcode_after_footer_bottom":"","ocean_display_top_bar":"default","ocean_display_header":"default","ocean_header_style":"","ocean_center_header_left_menu":"","ocean_custom_header_template":"","ocean_custom_logo":0,"ocean_custom_retina_logo":0,"ocean_custom_logo_max_width":0,"ocean_custom_logo_tablet_max_width":0,"ocean_custom_logo_mobile_max_width":0,"ocean_custom_logo_max_height":0,"ocean_custom_logo_tablet_max_height":0,"ocean_custom_logo_mobile_max_height":0,"ocean_header_custom_menu":"","ocean_menu_typo_font_family":"","ocean_menu_typo_font_subset":"","ocean_menu_typo_font_size":0,"ocean_menu_typo_font_size_tablet":0,"ocean_menu_typo_font_size_mobile":0,"ocean_menu_typo_font_size_unit":"px","ocean_menu_typo_font_weight":"","ocean_menu_typo_font_weight_tablet":"","ocean_menu_typo_font_weight_mobile":"","ocean_menu_typo_transform":"","ocean_menu_typo_transform_tablet":"","ocean_menu_typo_transform_mobile":"","ocean_menu_typo_line_height":0,"ocean_menu_typo_line_height_tablet":0,"ocean_menu_typo_line_height_mobile":0,"ocean_menu_typo_line_height_unit":"","ocean_menu_typo_spacing":0,"ocean_menu_typo_spacing_tablet":0,"ocean_menu_typo_spacing_mobile":0,"ocean_menu_typo_spacing_unit":"","ocean_menu_link_color":"","ocean_menu_link_color_hover":"","ocean_menu_link_color_active":"","ocean_menu_link_background":"","ocean_menu_link_hover_background":"","ocean_menu_link_active_background":"","ocean_menu_social_links_bg":"","ocean_menu_social_hover_links_bg":"","ocean_menu_social_links_color":"","ocean_menu_social_hover_links_color":"","ocean_disable_title":"on","ocean_disable_heading":"default","ocean_post_title":"","ocean_post_subheading":"","ocean_post_title_style":"","ocean_post_title_background_color":"","ocean_post_title_background":0,"ocean_post_title_bg_image_position":"","ocean_post_title_bg_image_attachment":"","ocean_post_title_bg_image_repeat":"","ocean_post_title_bg_image_size":"","ocean_post_title_height":0,"ocean_post_title_bg_overlay":0.5,"ocean_post_title_bg_overlay_color":"","ocean_disable_breadcrumbs":"default","ocean_breadcrumbs_color":"","ocean_breadcrumbs_separator_color":"","ocean_breadcrumbs_links_color":"","ocean_breadcrumbs_links_hover_color":"","ocean_display_footer_widgets":"default","ocean_display_footer_bottom":"default","ocean_custom_footer_template":"","footnotes":""},"class_list":["post-2001","page","type-page","status-publish","hentry","entry"],"aioseo_notices":[],"_links":{"self":[{"href":"https:\/\/www.piekarnia-tysia.pl\/index.php\/wp-json\/wp\/v2\/pages\/2001","targetHints":{"allow":["GET"]}}],"collection":[{"href":"https:\/\/www.piekarnia-tysia.pl\/index.php\/wp-json\/wp\/v2\/pages"}],"about":[{"href":"https:\/\/www.piekarnia-tysia.pl\/index.php\/wp-json\/wp\/v2\/types\/page"}],"author":[{"embeddable":true,"href":"https:\/\/www.piekarnia-tysia.pl\/index.php\/wp-json\/wp\/v2\/users\/1"}],"replies":[{"embeddable":true,"href":"https:\/\/www.piekarnia-tysia.pl\/index.php\/wp-json\/wp\/v2\/comments?post=2001"}],"version-history":[{"count":10,"href":"https:\/\/www.piekarnia-tysia.pl\/index.php\/wp-json\/wp\/v2\/pages\/2001\/revisions"}],"predecessor-version":[{"id":2014,"href":"https:\/\/www.piekarnia-tysia.pl\/index.php\/wp-json\/wp\/v2\/pages\/2001\/revisions\/2014"}],"wp:attachment":[{"href":"https:\/\/www.piekarnia-tysia.pl\/index.php\/wp-json\/wp\/v2\/media?parent=2001"}],"curies":[{"name":"wp","href":"https:\/\/api.w.org\/{rel}","templated":true}]}}